{"id":21,"date":"2024-07-18T12:50:08","date_gmt":"2024-07-18T12:50:08","guid":{"rendered":"https:\/\/ristorantefiorina.fi\/?page_id=21"},"modified":"2025-03-30T15:06:17","modified_gmt":"2025-03-30T15:06:17","slug":"lounas","status":"publish","type":"page","link":"https:\/\/ristorantefiorina.fi\/en\/lounas\/","title":{"rendered":"Lunch"},"content":{"rendered":"<div data-elementor-type=\"wp-page\" data-elementor-id=\"21\" class=\"elementor elementor-21\" data-elementor-post-type=\"page\">\n\t\t\t\t\t\t<section class=\"elementor-section elementor-top-section elementor-element elementor-element-12811cf elementor-section-boxed elementor-section-height-default elementor-section-height-default\" data-id=\"12811cf\" data-element_type=\"section\" data-e-type=\"section\" data-settings=\"{&quot;background_background&quot;:&quot;classic&quot;}\">\n\t\t\t\t\t\t\t<div class=\"elementor-background-overlay\"><\/div>\n\t\t\t\t\t\t\t<div class=\"elementor-container elementor-column-gap-default\">\n\t\t\t\t\t<div class=\"elementor-column elementor-col-100 elementor-top-column elementor-element elementor-element-b66cb1a\" data-id=\"b66cb1a\" data-element_type=\"column\" data-e-type=\"column\">\n\t\t\t<div class=\"elementor-widget-wrap elementor-element-populated\">\n\t\t\t\t\t\t<div class=\"elementor-element elementor-element-d41478e elementor-widget elementor-widget-heading\" data-id=\"d41478e\" data-element_type=\"widget\" data-e-type=\"widget\" data-widget_type=\"heading.default\">\n\t\t\t\t<div class=\"elementor-widget-container\">\n\t\t\t\t\t<h2 class=\"elementor-heading-title elementor-size-default\">Lunch<\/h2>\t\t\t\t<\/div>\n\t\t\t\t<\/div>\n\t\t\t\t\t<\/div>\n\t\t<\/div>\n\t\t\t\t\t<\/div>\n\t\t<\/section>\n\t\t\t\t<section class=\"elementor-section elementor-top-section elementor-element elementor-element-ebf705e elementor-section-boxed elementor-section-height-default elementor-section-height-default\" data-id=\"ebf705e\" data-element_type=\"section\" data-e-type=\"section\">\n\t\t\t\t\t\t<div class=\"elementor-container elementor-column-gap-default\">\n\t\t\t\t\t<div class=\"elementor-column elementor-col-100 elementor-top-column elementor-element elementor-element-110e442\" data-id=\"110e442\" data-element_type=\"column\" data-e-type=\"column\">\n\t\t\t<div class=\"elementor-widget-wrap elementor-element-populated\">\n\t\t\t\t\t\t<div class=\"elementor-element elementor-element-49056e7 elementor-widget elementor-widget-text-editor\" data-id=\"49056e7\" data-element_type=\"widget\" data-e-type=\"widget\" data-widget_type=\"text-editor.default\">\n\t\t\t\t<div class=\"elementor-widget-container\">\n\t\t\t\t\t\t\t\t\t<p>All dishes include a generous salad bar, coffee\/tea and a small dessert.<\/p>\t\t\t\t\t\t\t\t<\/div>\n\t\t\t\t<\/div>\n\t\t\t\t<div class=\"elementor-element elementor-element-14be284 elementor-widget elementor-widget-shortcode\" data-id=\"14be284\" data-element_type=\"widget\" data-e-type=\"widget\" data-widget_type=\"shortcode.default\">\n\t\t\t\t<div class=\"elementor-widget-container\">\n\t\t\t\t\t\t\t<div class=\"elementor-shortcode\"><h2 class='lunch-week-title'>Ensi viikon lounas<\/h2><div class='lunch-container'><div class='lunch-day'><h3>Monday <span>20.04.<\/span><\/h3><ul><li class='lunch-item'><div class='lunch-title-row'><p class='lunch-title'>Pasta pomodorini e burrata<\/p><p class='lunch-price'>14.00 \u20ac<\/p><\/div><p class='lunch-description'>mezzi rigatoni, kirsikkatomaattia, burrataa, tomaattikastiketta, valkosipulia ja basilikaa<\/p><\/li><li class='lunch-item'><div class='lunch-title-row'><p class='lunch-title'>Pasta amatriciana<\/p><p class='lunch-price'>14.00 \u20ac<\/p><\/div><p class='lunch-description'>mezzi rigatoni, pekonia, sipulia, tomaattikastiketta ja parmesaania<\/p><\/li><li class='lunch-item'><div class='lunch-title-row'><p class='lunch-title'>Risotto alla zucca<\/p><p class='lunch-price'>14.00 \u20ac<\/p><\/div><p class='lunch-description'>kermainen kurpitsarisotto, vuohenjuustoa ja balsamicoa<\/p><\/li><li class='lunch-item'><div class='lunch-title-row'><p class='lunch-title'>Insalata Mista con halloumi<\/p><p class='lunch-price'>14.00 \u20ac<\/p><\/div><p class='lunch-description'>grillattu halloumijuustosalaatti<\/p><\/li><li class='lunch-item'><div class='lunch-title-row'><p class='lunch-title'>Petto di pollo con patate e salsa peperoni<\/p><p class='lunch-price'>15.90 \u20ac<\/p><\/div><p class='lunch-description'>kanafile, ranskalaisia, grillikasviksia ja paprikakastiketta<\/p><\/li><li class='lunch-item'><div class='lunch-title-row'><p class='lunch-title'>Pizza Margherita<\/p><p class='lunch-price'>14.00 \u20ac<\/p><\/div><p class='lunch-description'>tomaattikastiketta, Fior di Latte -mozzarellajuustoa, puolikuivattua kirsikkatomaattia, basilikaa ja oliivi\u00f6ljy\u00e4<\/p><\/li><\/ul><\/div><div class='lunch-day'><h3>Tiistai <span>21.04.<\/span><\/h3><ul><li class='lunch-item'><div class='lunch-title-row'><p class='lunch-title'>Linguine alla bolognese<\/p><p class='lunch-price'>14.00 \u20ac<\/p><\/div><p class='lunch-description'>linguine, bolognesekastiketta ja parmesaania<\/p><\/li><li class='lunch-item'><div class='lunch-title-row'><p class='lunch-title'>Ravioli burro al tartufo e parmigiano<\/p><p class='lunch-price'>14.00 \u20ac<\/p><\/div><p class='lunch-description'>pinaatti-ricottat\u00e4ytteisi\u00e4 ravioleja voi-parmesaanikastikkeessa ja tryffeli\u00f6ljy\u00e4<\/p><\/li><li class='lunch-item'><div class='lunch-title-row'><p class='lunch-title'>Risotto agli asparagi<\/p><p class='lunch-price'>14.00 \u20ac<\/p><\/div><p class='lunch-description'>kermaisa parsarisotto, jossa parmesaania, yrttej\u00e4 ja voita<\/p><\/li><li class='lunch-item'><div class='lunch-title-row'><p class='lunch-title'>Insalata Mista con pollo<\/p><p class='lunch-price'>14.00 \u20ac<\/p><\/div><p class='lunch-description'>grillattu broilerisalaatti<\/p><\/li><li class='lunch-item'><div class='lunch-title-row'><p class='lunch-title'>Fiorina classico hamburger<\/p><p class='lunch-price'>14.00 \u20ac<\/p><\/div><p class='lunch-description'>rotukarjapihvi, briossis\u00e4mpyl\u00e4, mozzarella, basilika-pesto, tomaatti, rucola ja valkosipulimajoneesi<\/p><\/li><li class='lunch-item'><div class='lunch-title-row'><p class='lunch-title'>Pizza Parma<\/p><p class='lunch-price'>14.00 \u20ac<\/p><\/div><p class='lunch-description'>tomaattikastiketta, Fior di Latte -mozzarellajuustoa, parmankinkkua, rucolaa, parmesaania, puolikuivattua kirsikkatomaattia ja oliivi\u00f6ljy\u00e4<\/p><\/li><\/ul><\/div><div class='lunch-day'><h3>Wednesday <span>22.04.<\/span><\/h3><ul><li class='lunch-item'><div class='lunch-title-row'><p class='lunch-title'>Pasta peperoni e mascarpone<\/p><p class='lunch-price'>14.00 \u20ac<\/p><\/div><p class='lunch-description'>paccheri, paprikakastiketta, tomaattia, punasipulia ja mascarponea<\/p><\/li><li class='lunch-item'><div class='lunch-title-row'><p class='lunch-title'>Pasta \u2019nduja e ricotta<\/p><p class='lunch-price'>14.00 \u20ac<\/p><\/div><p class='lunch-description'>orechhiette, tomaattikastiketta, \u2018ndujaa ja ricottaa<\/p><\/li><li class='lunch-item'><div class='lunch-title-row'><p class='lunch-title'>Risotto Funghi Porcini e Pancetta<\/p><p class='lunch-price'>14.00 \u20ac<\/p><\/div><p class='lunch-description'>kermaisa herkkutattirisotto, valkosipulia, valkoviini\u00e4, pekonia ja persiljaa<\/p><\/li><li class='lunch-item'><div class='lunch-title-row'><p class='lunch-title'>Insalata Mista con formaggio di capra<\/p><p class='lunch-price'>14.00 \u20ac<\/p><\/div><p class='lunch-description'>grillattu vuohenjuustosalaatti<\/p><\/li><li class='lunch-item'><div class='lunch-title-row'><p class='lunch-title'>Salmone alla griglia<\/p><p class='lunch-price'>17.90 \u20ac<\/p><\/div><p class='lunch-description'>lohta, grillikasviksia, ranskalaisia ja bearnaisekastiketta<\/p><\/li><li class='lunch-item'><div class='lunch-title-row'><p class='lunch-title'>Pizza Siciliana<\/p><p class='lunch-price'>14.00 \u20ac<\/p><\/div><p class='lunch-description'>tomaattikastiketta, Fior di Latte -mozzarellajuustoa, anjovista, oliiveja, kaprista ja punasipulia<\/p><\/li><\/ul><\/div><div class='lunch-day'><h3>Thursday <span>23.04.<\/span><\/h3><ul><li class='lunch-item'><div class='lunch-title-row'><p class='lunch-title'>Pasta alla norma<\/p><p class='lunch-price'>14.00 \u20ac<\/p><\/div><p class='lunch-description'>mezzi rigatoni, munakoisoa, valkosipulia, tomaattia, ricottajuustoa ja basilikaa<\/p><\/li><li class='lunch-item'><div class='lunch-title-row'><p class='lunch-title'>Linguine alla bolognese<\/p><p class='lunch-price'>14.00 \u20ac<\/p><\/div><p class='lunch-description'>linguine, bolognesekastiketta ja parmesaania<\/p><\/li><li class='lunch-item'><div class='lunch-title-row'><p class='lunch-title'>Risotto con zucchine e gamberetti<\/p><p class='lunch-price'>14.00 \u20ac<\/p><\/div><p class='lunch-description'>kermaisa katkarapurisotto, jossa parmesaania, yrttej\u00e4, voita ja kes\u00e4kurpitsaa<\/p><\/li><li class='lunch-item'><div class='lunch-title-row'><p class='lunch-title'>Insalata Mista con halloumi<\/p><p class='lunch-price'>14.00 \u20ac<\/p><\/div><p class='lunch-description'>grillattu halloumijuustosalaatti<\/p><\/li><li class='lunch-item'><div class='lunch-title-row'><p class='lunch-title'>Pollo burger<\/p><p class='lunch-price'>14.00 \u20ac<\/p><\/div><p class='lunch-description'>lis\u00e4ksi ranskalaiset ja pippuriketsuppi<\/p><\/li><li class='lunch-item'><div class='lunch-title-row'><p class='lunch-title'>Pizza Prosciutto Funghi<\/p><p class='lunch-price'>14.00 \u20ac<\/p><\/div><p class='lunch-description'>tomaattikastiketta, Fior di Latte -mozzarellajuustoa, kinkkua, herkkusieni\u00e4 ja oreganoa<\/p><\/li><\/ul><\/div><div class='lunch-day'><h3>Friday <span>24.04.<\/span><\/h3><ul><li class='lunch-item'><div class='lunch-title-row'><p class='lunch-title'>Pasta alla puttanesca<\/p><p class='lunch-price'>14.00 \u20ac<\/p><\/div><p class='lunch-description'>mezzi rigatoni, valkosipulia, oliiveja, anjovista, tomaattikastiketta, oreganoa, persiljaa ja kaprista<\/p><\/li><li class='lunch-item'><div class='lunch-title-row'><p class='lunch-title'>Pasta pomodorini e burrata<\/p><p class='lunch-price'>14.00 \u20ac<\/p><\/div><p class='lunch-description'>mezzi rigatoni, kirsikkatomaattia, burrataa, tomaattikastiketta, valkosipulia ja basilikaa<\/p><\/li><li class='lunch-item'><div class='lunch-title-row'><p class='lunch-title'>Risotto alla zucca<\/p><p class='lunch-price'>14.00 \u20ac<\/p><\/div><p class='lunch-description'>kermainen kurpitsarisotto, vuohenjuustoa ja balsamicoa<\/p><\/li><li class='lunch-item'><div class='lunch-title-row'><p class='lunch-title'>Caesar-salaatti broilerifileell\u00e4<\/p><p class='lunch-price'>14.00 \u20ac<\/p><\/div><p class='lunch-description'>romainesalaattia, leip\u00e4kuutioita, parmesaania, caesar-kastiketta ja broilerinfilee<\/p><\/li><li class='lunch-item'><div class='lunch-title-row'><p class='lunch-title'>Salmone alla griglia<\/p><p class='lunch-price'>17.90 \u20ac<\/p><\/div><p class='lunch-description'>lohta, grillikasviksia, ranskalaisia ja bearnaisekastiketta<\/p><\/li><li class='lunch-item'><div class='lunch-title-row'><p class='lunch-title'>Pizza Quattro formaggi<\/p><p class='lunch-price'>14.00 \u20ac<\/p><\/div><p class='lunch-description'>valkoisella pohjalla creme fraiche, Fior di Latte -mozzarellajuustoa, gorgonzolaa, pecorino romano -juustoa, parmesaania, puolikuivattua kirsikkatomaattia, basilikaa ja oliivi\u00f6ljy\u00e4<\/p><\/li><\/ul><\/div><\/div><\/div>\n\t\t\t\t\t\t<\/div>\n\t\t\t\t<\/div>\n\t\t\t\t\t<\/div>\n\t\t<\/div>\n\t\t\t\t\t<\/div>\n\t\t<\/section>\n\t\t\t\t<\/div>","protected":false},"excerpt":{"rendered":"<p>Lounas Kaikki annokset sis\u00e4lt\u00e4v\u00e4t runsaan salaattip\u00f6yd\u00e4n, kahvin\/teen ja pienen j\u00e4lkiruuan.<\/p>","protected":false},"author":1,"featured_media":0,"parent":0,"menu_order":0,"comment_status":"closed","ping_status":"closed","template":"","meta":{"site-sidebar-layout":"no-sidebar","site-content-layout":"","ast-site-content-layout":"full-width-container","site-content-style":"default","site-sidebar-style":"default","ast-global-header-display":"","ast-banner-title-visibility":"","ast-main-header-display":"","ast-hfb-above-header-display":"","ast-hfb-below-header-display":"","ast-hfb-mobile-header-display":"","site-post-title":"disabled","ast-breadcrumbs-content":"","ast-featured-img":"disabled","footer-sml-layout":"","ast-disable-related-posts":"","theme-transparent-header-meta":"","adv-header-id-meta":"","stick-header-meta":"","header-above-stick-meta":"","header-main-stick-meta":"","header-below-stick-meta":"","astra-migrate-meta-layouts":"default","ast-page-background-enabled":"default","ast-page-background-meta":{"desktop":{"background-color":"var(--ast-global-color-4)","background-image":"","background-repeat":"repeat","background-position":"center center","background-size":"auto","background-attachment":"scroll","background-type":"","background-media":"","overlay-type":"","overlay-color":"","overlay-opacity":"","overlay-gradient":""},"tablet":{"background-color":"","background-image":"","background-repeat":"repeat","background-position":"center center","background-size":"auto","background-attachment":"scroll","background-type":"","background-media":"","overlay-type":"","overlay-color":"","overlay-opacity":"","overlay-gradient":""},"mobile":{"background-color":"","background-image":"","background-repeat":"repeat","background-position":"center center","background-size":"auto","background-attachment":"scroll","background-type":"","background-media":"","overlay-type":"","overlay-color":"","overlay-opacity":"","overlay-gradient":""}},"ast-content-background-meta":{"desktop":{"background-color":"var(--ast-global-color-5)","background-image":"","background-repeat":"repeat","background-position":"center center","background-size":"auto","background-attachment":"scroll","background-type":"","background-media":"","overlay-type":"","overlay-color":"","overlay-opacity":"","overlay-gradient":""},"tablet":{"background-color":"var(--ast-global-color-5)","background-image":"","background-repeat":"repeat","background-position":"center center","background-size":"auto","background-attachment":"scroll","background-type":"","background-media":"","overlay-type":"","overlay-color":"","overlay-opacity":"","overlay-gradient":""},"mobile":{"background-color":"var(--ast-global-color-5)","background-image":"","background-repeat":"repeat","background-position":"center center","background-size":"auto","background-attachment":"scroll","background-type":"","background-media":"","overlay-type":"","overlay-color":"","overlay-opacity":"","overlay-gradient":""}},"footnotes":""},"class_list":["post-21","page","type-page","status-publish","hentry"],"yoast_head":"<!-- This site is optimized with the Yoast SEO plugin v27.2 - https:\/\/yoast.com\/product\/yoast-seo-wordpress\/ -->\n<title>Ristorante Fiorina | Tarjoamme maistuvan ja monipuolisen lounaan Tampereella<\/title>\n<meta name=\"description\" content=\"Tarjoilemme maukkaan lounaan joka arkip\u00e4iv\u00e4. Tarjolla lounaalla on yleens\u00e4 pizzoja, pastaa, salaatteja, siipi\u00e4, burgereita.\" \/>\n<meta name=\"robots\" content=\"index, follow, max-snippet:-1, max-image-preview:large, max-video-preview:-1\" \/>\n<link rel=\"canonical\" href=\"https:\/\/ristorantefiorina.fi\/en\/lounas\/\" \/>\n<meta property=\"og:locale\" content=\"en_US\" \/>\n<meta property=\"og:type\" content=\"article\" \/>\n<meta property=\"og:title\" content=\"Ristorante Fiorina | Tarjoamme maistuvan ja monipuolisen lounaan Tampereella\" \/>\n<meta property=\"og:description\" content=\"Tarjoilemme maukkaan lounaan joka arkip\u00e4iv\u00e4. Tarjolla lounaalla on yleens\u00e4 pizzoja, pastaa, salaatteja, siipi\u00e4, burgereita.\" \/>\n<meta property=\"og:url\" content=\"https:\/\/ristorantefiorina.fi\/en\/lounas\/\" \/>\n<meta property=\"og:site_name\" content=\"Ristorante Fiorina\" \/>\n<meta property=\"article:modified_time\" content=\"2025-03-30T15:06:17+00:00\" \/>\n<meta property=\"og:image\" content=\"https:\/\/ristorantefiorina.fi\/wp-content\/uploads\/2024\/08\/logo.png\" \/>\n\t<meta property=\"og:image:width\" content=\"900\" \/>\n\t<meta property=\"og:image:height\" content=\"900\" \/>\n\t<meta property=\"og:image:type\" content=\"image\/png\" \/>\n<meta name=\"twitter:card\" content=\"summary_large_image\" \/>\n<meta name=\"twitter:label1\" content=\"Est. reading time\" \/>\n\t<meta name=\"twitter:data1\" content=\"1 minute\" \/>\n<script type=\"application\/ld+json\" class=\"yoast-schema-graph\">{\"@context\":\"https:\/\/schema.org\",\"@graph\":[{\"@type\":\"WebPage\",\"@id\":\"https:\/\/ristorantefiorina.fi\/lounas\/\",\"url\":\"https:\/\/ristorantefiorina.fi\/lounas\/\",\"name\":\"Ristorante Fiorina | Tarjoamme maistuvan ja monipuolisen lounaan Tampereella\",\"isPartOf\":{\"@id\":\"https:\/\/ristorantefiorina.fi\/#website\"},\"datePublished\":\"2024-07-18T12:50:08+00:00\",\"dateModified\":\"2025-03-30T15:06:17+00:00\",\"description\":\"Tarjoilemme maukkaan lounaan joka arkip\u00e4iv\u00e4. Tarjolla lounaalla on yleens\u00e4 pizzoja, pastaa, salaatteja, siipi\u00e4, burgereita.\",\"breadcrumb\":{\"@id\":\"https:\/\/ristorantefiorina.fi\/lounas\/#breadcrumb\"},\"inLanguage\":\"en-US\",\"potentialAction\":[{\"@type\":\"ReadAction\",\"target\":[\"https:\/\/ristorantefiorina.fi\/lounas\/\"]}]},{\"@type\":\"BreadcrumbList\",\"@id\":\"https:\/\/ristorantefiorina.fi\/lounas\/#breadcrumb\",\"itemListElement\":[{\"@type\":\"ListItem\",\"position\":1,\"name\":\"Home\",\"item\":\"https:\/\/ristorantefiorina.fi\/\"},{\"@type\":\"ListItem\",\"position\":2,\"name\":\"Lounas\"}]},{\"@type\":\"WebSite\",\"@id\":\"https:\/\/ristorantefiorina.fi\/#website\",\"url\":\"https:\/\/ristorantefiorina.fi\/\",\"name\":\"Ristorante Fiorina\",\"description\":\"\",\"publisher\":{\"@id\":\"https:\/\/ristorantefiorina.fi\/#organization\"},\"potentialAction\":[{\"@type\":\"SearchAction\",\"target\":{\"@type\":\"EntryPoint\",\"urlTemplate\":\"https:\/\/ristorantefiorina.fi\/?s={search_term_string}\"},\"query-input\":{\"@type\":\"PropertyValueSpecification\",\"valueRequired\":true,\"valueName\":\"search_term_string\"}}],\"inLanguage\":\"en-US\"},{\"@type\":\"Organization\",\"@id\":\"https:\/\/ristorantefiorina.fi\/#organization\",\"name\":\"Ristorante Fiorina\",\"url\":\"https:\/\/ristorantefiorina.fi\/\",\"logo\":{\"@type\":\"ImageObject\",\"inLanguage\":\"en-US\",\"@id\":\"https:\/\/ristorantefiorina.fi\/#\/schema\/logo\/image\/\",\"url\":\"https:\/\/ristorantefiorina.fi\/wp-content\/uploads\/2024\/08\/logo.png\",\"contentUrl\":\"https:\/\/ristorantefiorina.fi\/wp-content\/uploads\/2024\/08\/logo.png\",\"width\":900,\"height\":900,\"caption\":\"Ristorante Fiorina\"},\"image\":{\"@id\":\"https:\/\/ristorantefiorina.fi\/#\/schema\/logo\/image\/\"}}]}<\/script>\n<!-- \/ Yoast SEO plugin. -->","yoast_head_json":{"title":"Ristorante Fiorina | Tarjoamme maistuvan ja monipuolisen lounaan Tampereella","description":"Tarjoilemme maukkaan lounaan joka arkip\u00e4iv\u00e4. Tarjolla lounaalla on yleens\u00e4 pizzoja, pastaa, salaatteja, siipi\u00e4, burgereita.","robots":{"index":"index","follow":"follow","max-snippet":"max-snippet:-1","max-image-preview":"max-image-preview:large","max-video-preview":"max-video-preview:-1"},"canonical":"https:\/\/ristorantefiorina.fi\/en\/lounas\/","og_locale":"en_US","og_type":"article","og_title":"Ristorante Fiorina | Tarjoamme maistuvan ja monipuolisen lounaan Tampereella","og_description":"Tarjoilemme maukkaan lounaan joka arkip\u00e4iv\u00e4. Tarjolla lounaalla on yleens\u00e4 pizzoja, pastaa, salaatteja, siipi\u00e4, burgereita.","og_url":"https:\/\/ristorantefiorina.fi\/en\/lounas\/","og_site_name":"Ristorante Fiorina","article_modified_time":"2025-03-30T15:06:17+00:00","og_image":[{"width":900,"height":900,"url":"https:\/\/ristorantefiorina.fi\/wp-content\/uploads\/2024\/08\/logo.png","type":"image\/png"}],"twitter_card":"summary_large_image","twitter_misc":{"Est. reading time":"1 minute"},"schema":{"@context":"https:\/\/schema.org","@graph":[{"@type":"WebPage","@id":"https:\/\/ristorantefiorina.fi\/lounas\/","url":"https:\/\/ristorantefiorina.fi\/lounas\/","name":"Ristorante Fiorina | Tarjoamme maistuvan ja monipuolisen lounaan Tampereella","isPartOf":{"@id":"https:\/\/ristorantefiorina.fi\/#website"},"datePublished":"2024-07-18T12:50:08+00:00","dateModified":"2025-03-30T15:06:17+00:00","description":"Tarjoilemme maukkaan lounaan joka arkip\u00e4iv\u00e4. Tarjolla lounaalla on yleens\u00e4 pizzoja, pastaa, salaatteja, siipi\u00e4, burgereita.","breadcrumb":{"@id":"https:\/\/ristorantefiorina.fi\/lounas\/#breadcrumb"},"inLanguage":"en-US","potentialAction":[{"@type":"ReadAction","target":["https:\/\/ristorantefiorina.fi\/lounas\/"]}]},{"@type":"BreadcrumbList","@id":"https:\/\/ristorantefiorina.fi\/lounas\/#breadcrumb","itemListElement":[{"@type":"ListItem","position":1,"name":"Home","item":"https:\/\/ristorantefiorina.fi\/"},{"@type":"ListItem","position":2,"name":"Lounas"}]},{"@type":"WebSite","@id":"https:\/\/ristorantefiorina.fi\/#website","url":"https:\/\/ristorantefiorina.fi\/","name":"Ristorante Fiorina","description":"","publisher":{"@id":"https:\/\/ristorantefiorina.fi\/#organization"},"potentialAction":[{"@type":"SearchAction","target":{"@type":"EntryPoint","urlTemplate":"https:\/\/ristorantefiorina.fi\/?s={search_term_string}"},"query-input":{"@type":"PropertyValueSpecification","valueRequired":true,"valueName":"search_term_string"}}],"inLanguage":"en-US"},{"@type":"Organization","@id":"https:\/\/ristorantefiorina.fi\/#organization","name":"Ristorante Fiorina","url":"https:\/\/ristorantefiorina.fi\/","logo":{"@type":"ImageObject","inLanguage":"en-US","@id":"https:\/\/ristorantefiorina.fi\/#\/schema\/logo\/image\/","url":"https:\/\/ristorantefiorina.fi\/wp-content\/uploads\/2024\/08\/logo.png","contentUrl":"https:\/\/ristorantefiorina.fi\/wp-content\/uploads\/2024\/08\/logo.png","width":900,"height":900,"caption":"Ristorante Fiorina"},"image":{"@id":"https:\/\/ristorantefiorina.fi\/#\/schema\/logo\/image\/"}}]}},"_links":{"self":[{"href":"https:\/\/ristorantefiorina.fi\/en\/wp-json\/wp\/v2\/pages\/21","targetHints":{"allow":["GET"]}}],"collection":[{"href":"https:\/\/ristorantefiorina.fi\/en\/wp-json\/wp\/v2\/pages"}],"about":[{"href":"https:\/\/ristorantefiorina.fi\/en\/wp-json\/wp\/v2\/types\/page"}],"author":[{"embeddable":true,"href":"https:\/\/ristorantefiorina.fi\/en\/wp-json\/wp\/v2\/users\/1"}],"replies":[{"embeddable":true,"href":"https:\/\/ristorantefiorina.fi\/en\/wp-json\/wp\/v2\/comments?post=21"}],"version-history":[{"count":19,"href":"https:\/\/ristorantefiorina.fi\/en\/wp-json\/wp\/v2\/pages\/21\/revisions"}],"predecessor-version":[{"id":1118,"href":"https:\/\/ristorantefiorina.fi\/en\/wp-json\/wp\/v2\/pages\/21\/revisions\/1118"}],"wp:attachment":[{"href":"https:\/\/ristorantefiorina.fi\/en\/wp-json\/wp\/v2\/media?parent=21"}],"curies":[{"name":"wp","href":"https:\/\/api.w.org\/{rel}","templated":true}]}}