{"id":447,"date":"2024-08-30T07:09:12","date_gmt":"2024-08-30T07:09:12","guid":{"rendered":"https:\/\/ristorantefiorina.fi\/?page_id=447"},"modified":"2024-11-02T17:10:18","modified_gmt":"2024-11-02T17:10:18","slug":"varaa-poyta","status":"publish","type":"page","link":"https:\/\/ristorantefiorina.fi\/en\/varaa-poyta\/","title":{"rendered":"Book a table"},"content":{"rendered":"<div data-elementor-type=\"wp-page\" data-elementor-id=\"447\" class=\"elementor elementor-447\" data-elementor-post-type=\"page\">\n\t\t\t\t\t\t<section class=\"elementor-section elementor-top-section elementor-element elementor-element-f442ae3 elementor-section-boxed elementor-section-height-default elementor-section-height-default\" data-id=\"f442ae3\" data-element_type=\"section\" data-e-type=\"section\" data-settings=\"{&quot;background_background&quot;:&quot;classic&quot;}\">\n\t\t\t\t\t\t\t<div class=\"elementor-background-overlay\"><\/div>\n\t\t\t\t\t\t\t<div class=\"elementor-container elementor-column-gap-default\">\n\t\t\t\t\t<div class=\"elementor-column elementor-col-100 elementor-top-column elementor-element elementor-element-53324b6\" data-id=\"53324b6\" data-element_type=\"column\" data-e-type=\"column\">\n\t\t\t<div class=\"elementor-widget-wrap elementor-element-populated\">\n\t\t\t\t\t\t<div class=\"elementor-element elementor-element-79609e3 elementor-widget elementor-widget-heading\" data-id=\"79609e3\" data-element_type=\"widget\" data-e-type=\"widget\" data-widget_type=\"heading.default\">\n\t\t\t\t<div class=\"elementor-widget-container\">\n\t\t\t\t\t<h1 class=\"elementor-heading-title elementor-size-default\">Table reservation<\/h1>\t\t\t\t<\/div>\n\t\t\t\t<\/div>\n\t\t\t\t\t<\/div>\n\t\t<\/div>\n\t\t\t\t\t<\/div>\n\t\t<\/section>\n\t\t\t\t<section class=\"elementor-section elementor-top-section elementor-element elementor-element-2ab634e elementor-section-boxed elementor-section-height-default elementor-section-height-default\" data-id=\"2ab634e\" data-element_type=\"section\" data-e-type=\"section\" data-settings=\"{&quot;background_background&quot;:&quot;classic&quot;}\">\n\t\t\t\t\t\t<div class=\"elementor-container elementor-column-gap-default\">\n\t\t\t\t\t<div class=\"elementor-column elementor-col-100 elementor-top-column elementor-element elementor-element-35013ce\" data-id=\"35013ce\" data-element_type=\"column\" data-e-type=\"column\">\n\t\t\t<div class=\"elementor-widget-wrap elementor-element-populated\">\n\t\t\t\t\t\t<div class=\"elementor-element elementor-element-63be78f elementor-widget elementor-widget-spacer\" data-id=\"63be78f\" data-element_type=\"widget\" data-e-type=\"widget\" data-widget_type=\"spacer.default\">\n\t\t\t\t<div class=\"elementor-widget-container\">\n\t\t\t\t\t\t\t<div class=\"elementor-spacer\">\n\t\t\t<div class=\"elementor-spacer-inner\"><\/div>\n\t\t<\/div>\n\t\t\t\t\t\t<\/div>\n\t\t\t\t<\/div>\n\t\t\t\t\t<\/div>\n\t\t<\/div>\n\t\t\t\t\t<\/div>\n\t\t<\/section>\n\t\t\t\t<section class=\"elementor-section elementor-top-section elementor-element elementor-element-e043aaf elementor-section-height-min-height elementor-section-items-top elementor-section-boxed elementor-section-height-default\" data-id=\"e043aaf\" data-element_type=\"section\" data-e-type=\"section\" data-settings=\"{&quot;background_background&quot;:&quot;classic&quot;}\">\n\t\t\t\t\t\t<div class=\"elementor-container elementor-column-gap-default\">\n\t\t\t\t\t<div class=\"elementor-column elementor-col-100 elementor-top-column elementor-element elementor-element-4b34bf4\" data-id=\"4b34bf4\" data-element_type=\"column\" data-e-type=\"column\">\n\t\t\t<div class=\"elementor-widget-wrap elementor-element-populated\">\n\t\t\t\t\t\t<div class=\"elementor-element elementor-element-a395a11 elementor-widget elementor-widget-text-editor\" data-id=\"a395a11\" data-element_type=\"widget\" data-e-type=\"widget\" data-widget_type=\"text-editor.default\">\n\t\t\t\t<div class=\"elementor-widget-container\">\n\t\t\t\t\t\t\t\t\t<p class=\"translation-block\">Choose your group size, date and time. <br>This ensures seamless access to our delicacies.<\/p>\t\t\t\t\t\t\t\t<\/div>\n\t\t\t\t<\/div>\n\t\t\t\t<div class=\"elementor-element elementor-element-1d3ed88 elementor-widget elementor-widget-shortcode\" data-id=\"1d3ed88\" data-element_type=\"widget\" data-e-type=\"widget\" data-widget_type=\"shortcode.default\">\n\t\t\t\t<div class=\"elementor-widget-container\">\n\t\t\t\t\t\t\t<div class=\"elementor-shortcode\"><link rel=\"stylesheet\" href=\"https:\/\/ristorantefiorina.fi\/wp-content\/plugins\/menuplugin\/reservation\/styles.css?ver=<?php echo rand(111,988)?>\">\n          <link rel=\"stylesheet\" href=\"https:\/\/www.nordantia.com\/datepicker.css\"> \n         \n    <div id=\"table-reservation\"><\/div>\n    <script> const globalMenu = \"nqeifodlmbpcjkgah\"; <\/script>\n    <script src=\"https:\/\/www.nordantia.com\/vue.js\"><\/script>\n    <script src=\"https:\/\/www.nordantia.com\/axios.js\"><\/script>\n    <script src=\"https:\/\/www.nordantia.com\/datepicker.js\"><\/script>\n    <script src=\"https:\/\/ristorantefiorina.fi\/wp-content\/plugins\/menuplugin\/reservation\/scripts.js?ver=1.4\"><\/script>\n    <script> localStorage.nordantia_menu = \"nqeifodlmbpcjkgah\"; <\/script>\n    <\/div>\n\t\t\t\t\t\t<\/div>\n\t\t\t\t<\/div>\n\t\t\t\t\t<\/div>\n\t\t<\/div>\n\t\t\t\t\t<\/div>\n\t\t<\/section>\n\t\t\t\t<\/div>","protected":false},"excerpt":{"rendered":"<p>P\u00f6yt\u00e4varaus Valitse ryhm\u00e4n koko, p\u00e4iv\u00e4m\u00e4\u00e4r\u00e4 ja aika. N\u00e4in varmistat saumattoman p\u00e4\u00e4syn herkkujemme \u00e4\u00e4reen.<\/p>","protected":false},"author":1,"featured_media":0,"parent":0,"menu_order":0,"comment_status":"closed","ping_status":"closed","template":"","meta":{"site-sidebar-layout":"no-sidebar","site-content-layout":"","ast-site-content-layout":"full-width-container","site-content-style":"default","site-sidebar-style":"default","ast-global-header-display":"","ast-banner-title-visibility":"","ast-main-header-display":"","ast-hfb-above-header-display":"","ast-hfb-below-header-display":"","ast-hfb-mobile-header-display":"","site-post-title":"disabled","ast-breadcrumbs-content":"","ast-featured-img":"disabled","footer-sml-layout":"","ast-disable-related-posts":"","theme-transparent-header-meta":"","adv-header-id-meta":"","stick-header-meta":"","header-above-stick-meta":"","header-main-stick-meta":"","header-below-stick-meta":"","astra-migrate-meta-layouts":"default","ast-page-background-enabled":"default","ast-page-background-meta":{"desktop":{"background-color":"var(--ast-global-color-4)","background-image":"","background-repeat":"repeat","background-position":"center center","background-size":"auto","background-attachment":"scroll","background-type":"","background-media":"","overlay-type":"","overlay-color":"","overlay-opacity":"","overlay-gradient":""},"tablet":{"background-color":"","background-image":"","background-repeat":"repeat","background-position":"center center","background-size":"auto","background-attachment":"scroll","background-type":"","background-media":"","overlay-type":"","overlay-color":"","overlay-opacity":"","overlay-gradient":""},"mobile":{"background-color":"","background-image":"","background-repeat":"repeat","background-position":"center center","background-size":"auto","background-attachment":"scroll","background-type":"","background-media":"","overlay-type":"","overlay-color":"","overlay-opacity":"","overlay-gradient":""}},"ast-content-background-meta":{"desktop":{"background-color":"var(--ast-global-color-5)","background-image":"","background-repeat":"repeat","background-position":"center center","background-size":"auto","background-attachment":"scroll","background-type":"","background-media":"","overlay-type":"","overlay-color":"","overlay-opacity":"","overlay-gradient":""},"tablet":{"background-color":"var(--ast-global-color-5)","background-image":"","background-repeat":"repeat","background-position":"center center","background-size":"auto","background-attachment":"scroll","background-type":"","background-media":"","overlay-type":"","overlay-color":"","overlay-opacity":"","overlay-gradient":""},"mobile":{"background-color":"var(--ast-global-color-5)","background-image":"","background-repeat":"repeat","background-position":"center center","background-size":"auto","background-attachment":"scroll","background-type":"","background-media":"","overlay-type":"","overlay-color":"","overlay-opacity":"","overlay-gradient":""}},"footnotes":""},"class_list":["post-447","page","type-page","status-publish","hentry"],"yoast_head":"<!-- This site is optimized with the Yoast SEO plugin v27.2 - https:\/\/yoast.com\/product\/yoast-seo-wordpress\/ -->\n<title>Ristorante Fiorina | Varaa p\u00f6yt\u00e4<\/title>\n<meta name=\"robots\" content=\"index, follow, max-snippet:-1, max-image-preview:large, max-video-preview:-1\" \/>\n<link rel=\"canonical\" href=\"https:\/\/ristorantefiorina.fi\/en\/varaa-poyta\/\" \/>\n<meta property=\"og:locale\" content=\"en_US\" \/>\n<meta property=\"og:type\" content=\"article\" \/>\n<meta property=\"og:title\" content=\"Ristorante Fiorina | Varaa p\u00f6yt\u00e4\" \/>\n<meta property=\"og:description\" content=\"P\u00f6yt\u00e4varaus Valitse ryhm\u00e4n koko, p\u00e4iv\u00e4m\u00e4\u00e4r\u00e4 ja aika. N\u00e4in varmistat saumattoman p\u00e4\u00e4syn herkkujemme \u00e4\u00e4reen.\" \/>\n<meta property=\"og:url\" content=\"https:\/\/ristorantefiorina.fi\/en\/varaa-poyta\/\" \/>\n<meta property=\"og:site_name\" content=\"Ristorante Fiorina\" \/>\n<meta property=\"article:modified_time\" content=\"2024-11-02T17:10:18+00:00\" \/>\n<meta property=\"og:image\" content=\"https:\/\/ristorantefiorina.fi\/wp-content\/uploads\/2024\/08\/logo.png\" \/>\n\t<meta property=\"og:image:width\" content=\"900\" \/>\n\t<meta property=\"og:image:height\" content=\"900\" \/>\n\t<meta property=\"og:image:type\" content=\"image\/png\" \/>\n<meta name=\"twitter:card\" content=\"summary_large_image\" \/>\n<meta name=\"twitter:label1\" content=\"Est. reading time\" \/>\n\t<meta name=\"twitter:data1\" content=\"1 minute\" \/>\n<script type=\"application\/ld+json\" class=\"yoast-schema-graph\">{\"@context\":\"https:\/\/schema.org\",\"@graph\":[{\"@type\":\"WebPage\",\"@id\":\"https:\/\/ristorantefiorina.fi\/varaa-poyta\/\",\"url\":\"https:\/\/ristorantefiorina.fi\/varaa-poyta\/\",\"name\":\"Ristorante Fiorina | Varaa p\u00f6yt\u00e4\",\"isPartOf\":{\"@id\":\"https:\/\/ristorantefiorina.fi\/#website\"},\"datePublished\":\"2024-08-30T07:09:12+00:00\",\"dateModified\":\"2024-11-02T17:10:18+00:00\",\"breadcrumb\":{\"@id\":\"https:\/\/ristorantefiorina.fi\/varaa-poyta\/#breadcrumb\"},\"inLanguage\":\"en-US\",\"potentialAction\":[{\"@type\":\"ReadAction\",\"target\":[\"https:\/\/ristorantefiorina.fi\/varaa-poyta\/\"]}]},{\"@type\":\"BreadcrumbList\",\"@id\":\"https:\/\/ristorantefiorina.fi\/varaa-poyta\/#breadcrumb\",\"itemListElement\":[{\"@type\":\"ListItem\",\"position\":1,\"name\":\"Home\",\"item\":\"https:\/\/ristorantefiorina.fi\/\"},{\"@type\":\"ListItem\",\"position\":2,\"name\":\"Varaa p\u00f6yt\u00e4\"}]},{\"@type\":\"WebSite\",\"@id\":\"https:\/\/ristorantefiorina.fi\/#website\",\"url\":\"https:\/\/ristorantefiorina.fi\/\",\"name\":\"Ristorante Fiorina\",\"description\":\"\",\"publisher\":{\"@id\":\"https:\/\/ristorantefiorina.fi\/#organization\"},\"potentialAction\":[{\"@type\":\"SearchAction\",\"target\":{\"@type\":\"EntryPoint\",\"urlTemplate\":\"https:\/\/ristorantefiorina.fi\/?s={search_term_string}\"},\"query-input\":{\"@type\":\"PropertyValueSpecification\",\"valueRequired\":true,\"valueName\":\"search_term_string\"}}],\"inLanguage\":\"en-US\"},{\"@type\":\"Organization\",\"@id\":\"https:\/\/ristorantefiorina.fi\/#organization\",\"name\":\"Ristorante Fiorina\",\"url\":\"https:\/\/ristorantefiorina.fi\/\",\"logo\":{\"@type\":\"ImageObject\",\"inLanguage\":\"en-US\",\"@id\":\"https:\/\/ristorantefiorina.fi\/#\/schema\/logo\/image\/\",\"url\":\"https:\/\/ristorantefiorina.fi\/wp-content\/uploads\/2024\/08\/logo.png\",\"contentUrl\":\"https:\/\/ristorantefiorina.fi\/wp-content\/uploads\/2024\/08\/logo.png\",\"width\":900,\"height\":900,\"caption\":\"Ristorante Fiorina\"},\"image\":{\"@id\":\"https:\/\/ristorantefiorina.fi\/#\/schema\/logo\/image\/\"}}]}<\/script>\n<!-- \/ Yoast SEO plugin. -->","yoast_head_json":{"title":"Ristorante Fiorina | Varaa p\u00f6yt\u00e4","robots":{"index":"index","follow":"follow","max-snippet":"max-snippet:-1","max-image-preview":"max-image-preview:large","max-video-preview":"max-video-preview:-1"},"canonical":"https:\/\/ristorantefiorina.fi\/en\/varaa-poyta\/","og_locale":"en_US","og_type":"article","og_title":"Ristorante Fiorina | Varaa p\u00f6yt\u00e4","og_description":"P\u00f6yt\u00e4varaus Valitse ryhm\u00e4n koko, p\u00e4iv\u00e4m\u00e4\u00e4r\u00e4 ja aika. N\u00e4in varmistat saumattoman p\u00e4\u00e4syn herkkujemme \u00e4\u00e4reen.","og_url":"https:\/\/ristorantefiorina.fi\/en\/varaa-poyta\/","og_site_name":"Ristorante Fiorina","article_modified_time":"2024-11-02T17:10:18+00:00","og_image":[{"width":900,"height":900,"url":"https:\/\/ristorantefiorina.fi\/wp-content\/uploads\/2024\/08\/logo.png","type":"image\/png"}],"twitter_card":"summary_large_image","twitter_misc":{"Est. reading time":"1 minute"},"schema":{"@context":"https:\/\/schema.org","@graph":[{"@type":"WebPage","@id":"https:\/\/ristorantefiorina.fi\/varaa-poyta\/","url":"https:\/\/ristorantefiorina.fi\/varaa-poyta\/","name":"Ristorante Fiorina | Varaa p\u00f6yt\u00e4","isPartOf":{"@id":"https:\/\/ristorantefiorina.fi\/#website"},"datePublished":"2024-08-30T07:09:12+00:00","dateModified":"2024-11-02T17:10:18+00:00","breadcrumb":{"@id":"https:\/\/ristorantefiorina.fi\/varaa-poyta\/#breadcrumb"},"inLanguage":"en-US","potentialAction":[{"@type":"ReadAction","target":["https:\/\/ristorantefiorina.fi\/varaa-poyta\/"]}]},{"@type":"BreadcrumbList","@id":"https:\/\/ristorantefiorina.fi\/varaa-poyta\/#breadcrumb","itemListElement":[{"@type":"ListItem","position":1,"name":"Home","item":"https:\/\/ristorantefiorina.fi\/"},{"@type":"ListItem","position":2,"name":"Varaa p\u00f6yt\u00e4"}]},{"@type":"WebSite","@id":"https:\/\/ristorantefiorina.fi\/#website","url":"https:\/\/ristorantefiorina.fi\/","name":"Ristorante Fiorina","description":"","publisher":{"@id":"https:\/\/ristorantefiorina.fi\/#organization"},"potentialAction":[{"@type":"SearchAction","target":{"@type":"EntryPoint","urlTemplate":"https:\/\/ristorantefiorina.fi\/?s={search_term_string}"},"query-input":{"@type":"PropertyValueSpecification","valueRequired":true,"valueName":"search_term_string"}}],"inLanguage":"en-US"},{"@type":"Organization","@id":"https:\/\/ristorantefiorina.fi\/#organization","name":"Ristorante Fiorina","url":"https:\/\/ristorantefiorina.fi\/","logo":{"@type":"ImageObject","inLanguage":"en-US","@id":"https:\/\/ristorantefiorina.fi\/#\/schema\/logo\/image\/","url":"https:\/\/ristorantefiorina.fi\/wp-content\/uploads\/2024\/08\/logo.png","contentUrl":"https:\/\/ristorantefiorina.fi\/wp-content\/uploads\/2024\/08\/logo.png","width":900,"height":900,"caption":"Ristorante Fiorina"},"image":{"@id":"https:\/\/ristorantefiorina.fi\/#\/schema\/logo\/image\/"}}]}},"_links":{"self":[{"href":"https:\/\/ristorantefiorina.fi\/en\/wp-json\/wp\/v2\/pages\/447","targetHints":{"allow":["GET"]}}],"collection":[{"href":"https:\/\/ristorantefiorina.fi\/en\/wp-json\/wp\/v2\/pages"}],"about":[{"href":"https:\/\/ristorantefiorina.fi\/en\/wp-json\/wp\/v2\/types\/page"}],"author":[{"embeddable":true,"href":"https:\/\/ristorantefiorina.fi\/en\/wp-json\/wp\/v2\/users\/1"}],"replies":[{"embeddable":true,"href":"https:\/\/ristorantefiorina.fi\/en\/wp-json\/wp\/v2\/comments?post=447"}],"version-history":[{"count":34,"href":"https:\/\/ristorantefiorina.fi\/en\/wp-json\/wp\/v2\/pages\/447\/revisions"}],"predecessor-version":[{"id":874,"href":"https:\/\/ristorantefiorina.fi\/en\/wp-json\/wp\/v2\/pages\/447\/revisions\/874"}],"wp:attachment":[{"href":"https:\/\/ristorantefiorina.fi\/en\/wp-json\/wp\/v2\/media?parent=447"}],"curies":[{"name":"wp","href":"https:\/\/api.w.org\/{rel}","templated":true}]}}